{"id":1589,"date":"2020-10-17T10:36:11","date_gmt":"2020-10-17T10:36:11","guid":{"rendered":"https:\/\/www.commercialdivingpanama.com\/?page_id=1589"},"modified":"2025-08-28T19:09:32","modified_gmt":"2025-08-28T19:09:32","slug":"hull-cleaning-propeller-polishing","status":"publish","type":"page","link":"https:\/\/www.commercialdivingpanama.com\/de\/services-2\/hull-cleaning-propeller-polishing\/","title":{"rendered":"Rumpfreinigung\/ Propeller Politur"},"content":{"rendered":"<div class=\"fusion-fullwidth fullwidth-box fusion-builder-row-1 nonhundred-percent-fullwidth non-hundred-percent-height-scrolling\" style=\"background-color: rgba(255,255,255,0);background-position: center center;background-repeat: no-repeat;padding-top:0px;padding-right:0px;padding-bottom:0px;padding-left:0px;margin-bottom: 0px;margin-top: 0px;border-width: 0px 0px 0px 0px;border-color:#eae9e9;border-style:solid;\" ><div class=\"fusion-builder-row fusion-row\"><div class=\"fusion-layout-column fusion_builder_column fusion-builder-column-0 fusion_builder_column_1_1 1_1 fusion-one-full fusion-column-first fusion-column-last\" style=\"margin-top:0px;margin-bottom:0px;\"><div class=\"fusion-column-wrapper fusion-flex-column-wrapper-legacy\" style=\"background-position:left top;background-repeat:no-repeat;-webkit-background-size:cover;-moz-background-size:cover;-o-background-size:cover;background-size:cover;padding: 0px 0px 0px 0px;\"><div class=\"fusion-text fusion-text-1\"><p data-start=\"0\" data-end=\"474\">Mit dem modernsten und effektivsten heute verf\u00fcgbaren Rumpfreinigungssystem k\u00f6nnen wir \u2013 je nach Art und St\u00e4rke des marinen Bewuchses \u2013 bis zu 2.500 m\u00b2 pro Stunde reinigen. Unsere Ausr\u00fcstung ist \u00e4u\u00dferst mobil, sodass wir Ihr Schiff am Ankerplatz Balboa oder Crist\u00f3bal bedienen k\u00f6nnen.<br data-start=\"284\" data-end=\"287\" \/>Derzeit betreiben wir vier Reinigungsmaschinen, was uns gro\u00dfe Flexibilit\u00e4t bei der Erf\u00fcllung der Anforderungen unserer Kunden bietet und zugleich Redundanz in der Ausr\u00fcstung sicherstellt.<\/p>\n<ul data-start=\"476\" data-end=\"754\" data-is-last-node=\"\" data-is-only-node=\"\">\n<li data-start=\"476\" data-end=\"508\">\n<p data-start=\"478\" data-end=\"508\">Vertikale Seiten (Bordw\u00e4nde)<\/p>\n<\/li>\n<li data-start=\"509\" data-end=\"558\">\n<p data-start=\"511\" data-end=\"558\">Gitter der Seewasseransaugk\u00e4sten (Sea Chests)<\/p>\n<\/li>\n<li data-start=\"559\" data-end=\"574\">\n<p data-start=\"561\" data-end=\"574\">Bilgenkiele<\/p>\n<\/li>\n<li data-start=\"575\" data-end=\"594\">\n<p data-start=\"577\" data-end=\"594\">\u00dcberbordventile<\/p>\n<\/li>\n<li data-start=\"595\" data-end=\"625\">\n<p data-start=\"597\" data-end=\"625\">Flacher Boden (Unterboden)<\/p>\n<\/li>\n<li data-start=\"626\" data-end=\"657\">\n<p data-start=\"628\" data-end=\"657\">Leinenabweiser (Rope Guard)<\/p>\n<\/li>\n<li data-start=\"658\" data-end=\"667\">\n<p data-start=\"660\" data-end=\"667\">Ruder<\/p>\n<\/li>\n<li data-start=\"668\" data-end=\"687\">\n<p data-start=\"670\" data-end=\"687\">D\u00fcsen (Nozzles)<\/p>\n<\/li>\n<li data-start=\"688\" data-end=\"754\" data-is-last-node=\"\">\n<p data-start=\"690\" data-end=\"754\" data-is-last-node=\"\">Propellerpolieren, einschlie\u00dflich PBCF (Propeller Boss Cap Fins)<\/p>\n<\/li>\n<\/ul>\n<\/div><style type=\"text\/css\">.fusion-gallery-1 .fusion-gallery-image {border:0px solid #e2e2e2;}<\/style><div class=\"fusion-gallery fusion-gallery-container fusion-grid-3 fusion-columns-total-4 fusion-gallery-layout-grid fusion-gallery-1\" style=\"margin:-5px;\"><div style=\"padding:5px;\" class=\"fusion-grid-column fusion-gallery-column fusion-gallery-column-3 hover-type-none\"><div class=\"fusion-gallery-image\"><a href=\"https:\/\/www.commercialdivingpanama.com\/wp-content\/uploads\/2016\/09\/IMG_4867.jpg\" target=\"_self\"><img src=\"https:\/\/www.commercialdivingpanama.com\/wp-content\/uploads\/2016\/09\/IMG_4867.jpg\" width=\"3264\" height=\"2448\" alt=\"\" title=\"IMG_4867\" aria-label=\"IMG_4867\" class=\"img-responsive wp-image-161\" \/><\/a><\/div><\/div><div style=\"padding:5px;\" class=\"fusion-grid-column fusion-gallery-column fusion-gallery-column-3 hover-type-none\"><div class=\"fusion-gallery-image\"><a href=\"https:\/\/www.commercialdivingpanama.com\/wp-content\/uploads\/2016\/09\/IMG_5068.jpg\" target=\"_self\"><img src=\"https:\/\/www.commercialdivingpanama.com\/wp-content\/uploads\/2016\/09\/IMG_5068.jpg\" width=\"2448\" height=\"3264\" alt=\"\" title=\"IMG_5068\" aria-label=\"IMG_5068\" class=\"img-responsive wp-image-166\" \/><\/a><\/div><\/div><div style=\"padding:5px;\" class=\"fusion-grid-column fusion-gallery-column fusion-gallery-column-3 hover-type-none\"><div class=\"fusion-gallery-image\"><a href=\"https:\/\/www.commercialdivingpanama.com\/wp-content\/uploads\/2016\/09\/IMG_4877.jpg\" target=\"_self\"><img src=\"https:\/\/www.commercialdivingpanama.com\/wp-content\/uploads\/2016\/09\/IMG_4877.jpg\" width=\"3264\" height=\"2448\" alt=\"\" title=\"IMG_4877\" aria-label=\"IMG_4877\" class=\"img-responsive wp-image-162\" \/><\/a><\/div><\/div><div class=\"clearfix\"><\/div><div style=\"padding:5px;\" class=\"fusion-grid-column fusion-gallery-column fusion-gallery-column-3 hover-type-none\"><div class=\"fusion-gallery-image\"><a href=\"https:\/\/www.commercialdivingpanama.com\/wp-content\/uploads\/2016\/09\/IMG_5084.jpg\" target=\"_self\"><img src=\"https:\/\/www.commercialdivingpanama.com\/wp-content\/uploads\/2016\/09\/IMG_5084.jpg\" width=\"3264\" height=\"2448\" alt=\"\" title=\"IMG_5084\" aria-label=\"IMG_5084\" class=\"img-responsive wp-image-167\" \/><\/a><\/div><\/div><\/div><div class=\"fusion-clearfix\"><\/div><\/div><\/div><\/div><\/div>\n","protected":false},"excerpt":{"rendered":"","protected":false},"author":5,"featured_media":0,"parent":1590,"menu_order":0,"comment_status":"closed","ping_status":"closed","template":"","meta":[],"_links":{"self":[{"href":"https:\/\/www.commercialdivingpanama.com\/de\/wp-json\/wp\/v2\/pages\/1589\/"}],"collection":[{"href":"https:\/\/www.commercialdivingpanama.com\/de\/wp-json\/wp\/v2\/pages\/"}],"about":[{"href":"https:\/\/www.commercialdivingpanama.com\/de\/wp-json\/wp\/v2\/types\/page\/"}],"author":[{"embeddable":true,"href":"https:\/\/www.commercialdivingpanama.com\/de\/wp-json\/wp\/v2\/users\/5\/"}],"replies":[{"embeddable":true,"href":"https:\/\/www.commercialdivingpanama.com\/de\/wp-json\/wp\/v2\/comments\/?post=1589"}],"version-history":[{"count":4,"href":"https:\/\/www.commercialdivingpanama.com\/de\/wp-json\/wp\/v2\/pages\/1589\/revisions\/"}],"predecessor-version":[{"id":1905,"href":"https:\/\/www.commercialdivingpanama.com\/de\/wp-json\/wp\/v2\/pages\/1589\/revisions\/1905\/"}],"up":[{"embeddable":true,"href":"https:\/\/www.commercialdivingpanama.com\/de\/wp-json\/wp\/v2\/pages\/1590\/"}],"wp:attachment":[{"href":"https:\/\/www.commercialdivingpanama.com\/de\/wp-json\/wp\/v2\/media\/?parent=1589"}],"curies":[{"name":"wp","href":"https:\/\/api.w.org\/{rel}","templated":true}]}}