{"id":1588,"date":"2020-10-17T10:43:25","date_gmt":"2020-10-17T10:43:25","guid":{"rendered":"https:\/\/www.commercialdivingpanama.com\/?page_id=1588"},"modified":"2025-08-27T15:49:20","modified_gmt":"2025-08-27T15:49:20","slug":"industrial-diving","status":"publish","type":"page","link":"https:\/\/www.commercialdivingpanama.com\/de\/services-2\/industrial-diving\/","title":{"rendered":"Industrie Taucher"},"content":{"rendered":"<p>Zus\u00e4tzlich zu unseren umfassenden Unterwasser-Schiffsservices unterst\u00fctzen wir Sie auch in allen Bereichen gewerblicher Binnentaucheins\u00e4tze. Wir bedienen einen sehr gro\u00dfen Kundenstamm \u2013 darunter staatliche, st\u00e4dtische und kommunale Beh\u00f6rden sowie Industrie- und Privatunternehmen im gesamten Land. Zu diesen Organisationen z\u00e4hlen unter anderem:<\/p>\n<ul>\n<li>Telekommunikationsunternehmen<\/li>\n<li>Versicherungsunternehmen<\/li>\n<li>Betreiber von Kraft-W\u00e4rme-Kopplungsanlagen<\/li>\n<li>Abwasserbehandlungsanlagen<\/li>\n<li>Maritime Beratungsunternehmen<\/li>\n<li>Stromerzeugungsanlagen (Kraftwerke)<\/li>\n<li>Bauunternehmen<\/li>\n<li>Umwelt- und Ingenieurb\u00fcros<\/li>\n<li>Werften<\/li>\n<li>Wasserbeh\u00f6rden sowie Wasser- und Speicheranlagen<\/li>\n<\/ul>\n<p>Unsere Spezialservices und -techniken setzen wir bei diesen Organisationen mit derselben Expertise ein, die die maritime Branche seit Jahren von uns erwartet. Dies \u2013 zusammen mit unserer Professionalit\u00e4t \u2013 hebt uns von der regionalen Konkurrenz ab und macht uns zur bevorzugten Wahl in diesem Markt.<\/p>\n","protected":false},"excerpt":{"rendered":"<p>Zus\u00e4tzlich zu unseren umfassenden Unterwasser-Schiffsservices unterst\u00fctzen wir Sie auch in allen Bereichen gewerblicher Binnentaucheins\u00e4tze. Wir bedienen einen sehr gro\u00dfen Kundenstamm \u2013 darunter staatliche, st\u00e4dtische und kommunale Beh\u00f6rden sowie Industrie- und Privatunternehmen im gesamten Land. Zu diesen Organisationen z\u00e4hlen unter anderem: Telekommunikationsunternehmen Versicherungsunternehmen Betreiber von Kraft-W\u00e4rme-Kopplungsanlagen Abwasserbehandlungsanlagen Maritime Beratungsunternehmen Stromerzeugungsanlagen (Kraftwerke) Bauunternehmen Umwelt- und Ingenieurb\u00fcros Werften [&hellip;]<\/p>\n","protected":false},"author":5,"featured_media":0,"parent":1590,"menu_order":0,"comment_status":"closed","ping_status":"closed","template":"","meta":[],"_links":{"self":[{"href":"https:\/\/www.commercialdivingpanama.com\/de\/wp-json\/wp\/v2\/pages\/1588\/"}],"collection":[{"href":"https:\/\/www.commercialdivingpanama.com\/de\/wp-json\/wp\/v2\/pages\/"}],"about":[{"href":"https:\/\/www.commercialdivingpanama.com\/de\/wp-json\/wp\/v2\/types\/page\/"}],"author":[{"embeddable":true,"href":"https:\/\/www.commercialdivingpanama.com\/de\/wp-json\/wp\/v2\/users\/5\/"}],"replies":[{"embeddable":true,"href":"https:\/\/www.commercialdivingpanama.com\/de\/wp-json\/wp\/v2\/comments\/?post=1588"}],"version-history":[{"count":6,"href":"https:\/\/www.commercialdivingpanama.com\/de\/wp-json\/wp\/v2\/pages\/1588\/revisions\/"}],"predecessor-version":[{"id":1895,"href":"https:\/\/www.commercialdivingpanama.com\/de\/wp-json\/wp\/v2\/pages\/1588\/revisions\/1895\/"}],"up":[{"embeddable":true,"href":"https:\/\/www.commercialdivingpanama.com\/de\/wp-json\/wp\/v2\/pages\/1590\/"}],"wp:attachment":[{"href":"https:\/\/www.commercialdivingpanama.com\/de\/wp-json\/wp\/v2\/media\/?parent=1588"}],"curies":[{"name":"wp","href":"https:\/\/api.w.org\/{rel}","templated":true}]}}