{"id":1587,"date":"2020-10-17T10:36:06","date_gmt":"2020-10-17T10:36:06","guid":{"rendered":"https:\/\/www.commercialdivingpanama.com\/?page_id=1587"},"modified":"2025-08-29T16:47:21","modified_gmt":"2025-08-29T16:47:21","slug":"pier-inspections","status":"publish","type":"page","link":"https:\/\/www.commercialdivingpanama.com\/de\/services-2\/pier-inspections\/","title":{"rendered":"Planung, Bau und Inspektion von Pieren\/Kaianlagen"},"content":{"rendered":"<h2 data-start=\"1167\" data-end=\"1228\">Planung, Bau und Inspektion von Pieren\/Kaianlagen<\/h2>\n<p data-start=\"1229\" data-end=\"1753\">Wir haben Inspektionen, Beratungen und Bauleistungen in landesweit anerkannten H\u00e4fen durchgef\u00fchrt. Zudem arbeiten wir eng mit f\u00fchrenden Ingenieur- und maritimen Beratungsfirmen zusammen, um umfassende Services zu bieten. Zu unseren Arbeiten z\u00e4hlen Pfahlkopf-Reparaturen, Installation von Fender-Paneelen, Planung und Ersatz von Festmacherpollern sowie allgemeine Bauleistungen im Hafenbereich. Unser Team stellt sicher, dass jedes Projekt pr\u00e4zise, sicher und mit langfristiger Dauerhaftigkeit umgesetzt wird.<\/p>\n<p data-start=\"1755\" data-end=\"1786\"><strong data-start=\"1755\" data-end=\"1786\">Unsere Leistungen umfassen:<\/strong><\/p>\n<ul data-start=\"1787\" data-end=\"2171\">\n<li data-start=\"1787\" data-end=\"1848\">\n<p data-start=\"1789\" data-end=\"1848\">Schadensforensik und Beurteilungen des baulichen Zustands<\/p>\n<\/li>\n<li data-start=\"1849\" data-end=\"1875\">\n<p data-start=\"1851\" data-end=\"1875\">Tragf\u00e4higkeitsanalysen<\/p>\n<\/li>\n<li data-start=\"1876\" data-end=\"1963\">\n<p data-start=\"1878\" data-end=\"1963\">Umfassende Pier-\/Kaiinspektionen mit Berichten zu Sch\u00e4den und empfohlenen Ma\u00dfnahmen<\/p>\n<\/li>\n<li data-start=\"1964\" data-end=\"2010\">\n<p data-start=\"1966\" data-end=\"2010\">Planung und Bau von Hallen\/Industriebauten<\/p>\n<\/li>\n<li data-start=\"2011\" data-end=\"2056\">\n<p data-start=\"2013\" data-end=\"2056\">Programme zur vorbeugenden Instandhaltung<\/p>\n<\/li>\n<li data-start=\"2057\" data-end=\"2103\">\n<p data-start=\"2059\" data-end=\"2103\">Notfallreaktion und korrektive Reparaturen<\/p>\n<\/li>\n<li data-start=\"2104\" data-end=\"2171\">\n<p data-start=\"2106\" data-end=\"2171\">Schadensbewertungen nach unbeabsichtigten Anfahrten\/Kollisionen<\/p>\n<\/li>\n<\/ul>\n<p data-start=\"2173\" data-end=\"2348\" data-is-last-node=\"\" data-is-only-node=\"\">Mit gro\u00dfer Erfahrung in maritimen und Hafenbauwerken liefern wir ma\u00dfgeschneiderte L\u00f6sungen, die Ihre Anlagen sch\u00fctzen, die Lebensdauer verl\u00e4ngern und zuk\u00fcnftige Kosten senken.<\/p>\n","protected":false},"excerpt":{"rendered":"<p>Planung, Bau und Inspektion von Pieren\/Kaianlagen Wir haben Inspektionen, Beratungen und Bauleistungen in landesweit anerkannten H\u00e4fen durchgef\u00fchrt. Zudem arbeiten wir eng mit f\u00fchrenden Ingenieur- und maritimen Beratungsfirmen zusammen, um umfassende Services zu bieten. Zu unseren Arbeiten z\u00e4hlen Pfahlkopf-Reparaturen, Installation von Fender-Paneelen, Planung und Ersatz von Festmacherpollern sowie allgemeine Bauleistungen im Hafenbereich. Unser Team stellt sicher, [&hellip;]<\/p>\n","protected":false},"author":5,"featured_media":0,"parent":1590,"menu_order":0,"comment_status":"closed","ping_status":"closed","template":"","meta":[],"_links":{"self":[{"href":"https:\/\/www.commercialdivingpanama.com\/de\/wp-json\/wp\/v2\/pages\/1587\/"}],"collection":[{"href":"https:\/\/www.commercialdivingpanama.com\/de\/wp-json\/wp\/v2\/pages\/"}],"about":[{"href":"https:\/\/www.commercialdivingpanama.com\/de\/wp-json\/wp\/v2\/types\/page\/"}],"author":[{"embeddable":true,"href":"https:\/\/www.commercialdivingpanama.com\/de\/wp-json\/wp\/v2\/users\/5\/"}],"replies":[{"embeddable":true,"href":"https:\/\/www.commercialdivingpanama.com\/de\/wp-json\/wp\/v2\/comments\/?post=1587"}],"version-history":[{"count":4,"href":"https:\/\/www.commercialdivingpanama.com\/de\/wp-json\/wp\/v2\/pages\/1587\/revisions\/"}],"predecessor-version":[{"id":1924,"href":"https:\/\/www.commercialdivingpanama.com\/de\/wp-json\/wp\/v2\/pages\/1587\/revisions\/1924\/"}],"up":[{"embeddable":true,"href":"https:\/\/www.commercialdivingpanama.com\/de\/wp-json\/wp\/v2\/pages\/1590\/"}],"wp:attachment":[{"href":"https:\/\/www.commercialdivingpanama.com\/de\/wp-json\/wp\/v2\/media\/?parent=1587"}],"curies":[{"name":"wp","href":"https:\/\/api.w.org\/{rel}","templated":true}]}}