{"id":1586,"date":"2020-10-17T10:35:58","date_gmt":"2020-10-17T10:35:58","guid":{"rendered":"https:\/\/www.commercialdivingpanama.com\/?page_id=1586"},"modified":"2025-08-27T16:54:22","modified_gmt":"2025-08-27T16:54:22","slug":"salvage","status":"publish","type":"page","link":"https:\/\/www.commercialdivingpanama.com\/de\/services-2\/salvage\/","title":{"rendered":"Bergungen"},"content":{"rendered":"<div class=\"fusion-fullwidth fullwidth-box fusion-builder-row-1 nonhundred-percent-fullwidth non-hundred-percent-height-scrolling\" style=\"background-color: rgba(255,255,255,0);background-position: center center;background-repeat: no-repeat;padding-top:0px;padding-right:0px;padding-bottom:0px;padding-left:0px;margin-bottom: 0px;margin-top: 0px;border-width: 0px 0px 0px 0px;border-color:#eae9e9;border-style:solid;\" ><div class=\"fusion-builder-row fusion-row\"><div class=\"fusion-layout-column fusion_builder_column fusion-builder-column-0 fusion_builder_column_1_1 1_1 fusion-one-full fusion-column-first fusion-column-last\" style=\"margin-top:0px;margin-bottom:0px;\"><div class=\"fusion-column-wrapper fusion-flex-column-wrapper-legacy\" style=\"background-position:left top;background-repeat:no-repeat;-webkit-background-size:cover;-moz-background-size:cover;-o-background-size:cover;background-size:cover;padding: 0px 0px 0px 0px;\"><div class=\"fusion-text fusion-text-1\"><h4 style=\"color: #3b3b3b;\">Wir k\u00f6nnen Bergungsarbeiten f\u00fcr Sie durchf\u00fchren.<\/h4>\n<h4 style=\"color: #3b3b3b;\">.Schiffe, Yachten, Boote und Au\u00dfenbordmotoren<\/h4>\n<h4 style=\"color: #3b3b3b;\">.Krane, Werkzeuge und schweres Ger\u00e4t<\/h4>\n<h4 style=\"color: #3b3b3b;\">Mit einer kompletten Reihe von Hebekissen mit unterschiedlichen Hebekapazit\u00e4ten, Ausr\u00fcstungen und erfahrenen Tauchern, die Rund um die Uhr die Arbeit sicher und effizient auszuf\u00fchren.<\/h4>\n<p style=\"color: #3b3b3b;\"><strong>Video #1:<\/strong> Removing 3 Vessels from Isla Margarita, Colon, Panama.<\/p>\n<div style=\"width: 1170px;\" class=\"wp-video\"><!--[if lt IE 9]><script>document.createElement('video');<\/script><![endif]-->\n<video class=\"wp-video-shortcode\" id=\"video-1586-1\" width=\"1170\" height=\"658\" preload=\"metadata\" controls=\"controls\"><source type=\"video\/mp4\" src=\"https:\/\/www.commercialdivingpanama.com\/wp-content\/uploads\/2025\/08\/Sunken-Vessels-in-Colon-Panama-Commercial-Diving-Panama-720p-h264-youtube.mp4?_=1\" \/><a href=\"https:\/\/www.commercialdivingpanama.com\/wp-content\/uploads\/2025\/08\/Sunken-Vessels-in-Colon-Panama-Commercial-Diving-Panama-720p-h264-youtube.mp4\">https:\/\/www.commercialdivingpanama.com\/wp-content\/uploads\/2025\/08\/Sunken-Vessels-in-Colon-Panama-Commercial-Diving-Panama-720p-h264-youtube.mp4<\/a><\/video><\/div>\n<p style=\"color: #3b3b3b;\"><strong>Video #2:<\/strong>\u00a0Re-floating a hopper barge on Balboa Anchorage, Panama.<br \/>\n<iframe src=\"https:\/\/player.vimeo.com\/video\/191241975\" width=\"640\" height=\"360\" frameborder=\"0\" allowfullscreen=\"allowfullscreen\" data-mce-fragment=\"1\"><\/iframe><\/p>\n<\/div><style type=\"text\/css\">.fusion-gallery-1 .fusion-gallery-image {border:0px solid #e2e2e2;}<\/style><div class=\"fusion-gallery fusion-gallery-container fusion-grid-3 fusion-columns-total-5 fusion-gallery-layout-grid fusion-gallery-1\" style=\"margin:-5px;\"><div style=\"padding:5px;\" class=\"fusion-grid-column fusion-gallery-column fusion-gallery-column-3 hover-type-none\"><div class=\"fusion-gallery-image\"><a href=\"https:\/\/www.commercialdivingpanama.com\/wp-content\/uploads\/2014\/09\/IMG_5087.jpg\" target=\"_self\"><img src=\"https:\/\/www.commercialdivingpanama.com\/wp-content\/uploads\/2014\/09\/IMG_5087.jpg\" width=\"1280\" height=\"960\" alt=\"\" title=\"IMG_5087\" aria-label=\"IMG_5087\" class=\"img-responsive wp-image-126\" \/><\/a><\/div><\/div><div style=\"padding:5px;\" class=\"fusion-grid-column fusion-gallery-column fusion-gallery-column-3 hover-type-none\"><div class=\"fusion-gallery-image\"><a href=\"https:\/\/www.commercialdivingpanama.com\/wp-content\/uploads\/2014\/09\/IMG_5075.jpg\" target=\"_self\"><img src=\"https:\/\/www.commercialdivingpanama.com\/wp-content\/uploads\/2014\/09\/IMG_5075.jpg\" width=\"1280\" height=\"768\" alt=\"\" title=\"IMG_5075\" aria-label=\"IMG_5075\" class=\"img-responsive wp-image-124\" \/><\/a><\/div><\/div><div style=\"padding:5px;\" class=\"fusion-grid-column fusion-gallery-column fusion-gallery-column-3 hover-type-none\"><div class=\"fusion-gallery-image\"><a href=\"https:\/\/www.commercialdivingpanama.com\/wp-content\/uploads\/2014\/09\/IMG_4994.jpg\" target=\"_self\"><img src=\"https:\/\/www.commercialdivingpanama.com\/wp-content\/uploads\/2014\/09\/IMG_4994.jpg\" width=\"960\" height=\"1280\" alt=\"\" title=\"Lifting bags for salvage in panama\" aria-label=\"Lifting bags for salvage in panama\" class=\"img-responsive wp-image-123\" \/><\/a><\/div><\/div><div class=\"clearfix\"><\/div><div style=\"padding:5px;\" class=\"fusion-grid-column fusion-gallery-column fusion-gallery-column-3 hover-type-none\"><div class=\"fusion-gallery-image\"><a href=\"https:\/\/www.commercialdivingpanama.com\/wp-content\/uploads\/2014\/09\/IMG_5572.jpg\" target=\"_self\"><img src=\"https:\/\/www.commercialdivingpanama.com\/wp-content\/uploads\/2014\/09\/IMG_5572.jpg\" width=\"640\" height=\"640\" alt=\"\" title=\"Diver ready for the job in panama\" aria-label=\"Diver ready for the job in panama\" class=\"img-responsive wp-image-131\" \/><\/a><\/div><\/div><div style=\"padding:5px;\" class=\"fusion-grid-column fusion-gallery-column fusion-gallery-column-3 hover-type-none\"><div class=\"fusion-gallery-image\"><a href=\"https:\/\/www.commercialdivingpanama.com\/wp-content\/uploads\/2014\/09\/IMG_5067.jpg\" target=\"_self\"><img src=\"https:\/\/www.commercialdivingpanama.com\/wp-content\/uploads\/2014\/09\/IMG_5067.jpg\" width=\"768\" height=\"1280\" alt=\"\" title=\"Lifting bags\" aria-label=\"Lifting bags\" class=\"img-responsive wp-image-128\" \/><\/a><\/div><\/div><\/div><div class=\"fusion-clearfix\"><\/div><\/div><\/div><\/div><\/div>\n","protected":false},"excerpt":{"rendered":"","protected":false},"author":5,"featured_media":0,"parent":1590,"menu_order":0,"comment_status":"closed","ping_status":"closed","template":"","meta":[],"_links":{"self":[{"href":"https:\/\/www.commercialdivingpanama.com\/de\/wp-json\/wp\/v2\/pages\/1586\/"}],"collection":[{"href":"https:\/\/www.commercialdivingpanama.com\/de\/wp-json\/wp\/v2\/pages\/"}],"about":[{"href":"https:\/\/www.commercialdivingpanama.com\/de\/wp-json\/wp\/v2\/types\/page\/"}],"author":[{"embeddable":true,"href":"https:\/\/www.commercialdivingpanama.com\/de\/wp-json\/wp\/v2\/users\/5\/"}],"replies":[{"embeddable":true,"href":"https:\/\/www.commercialdivingpanama.com\/de\/wp-json\/wp\/v2\/comments\/?post=1586"}],"version-history":[{"count":6,"href":"https:\/\/www.commercialdivingpanama.com\/de\/wp-json\/wp\/v2\/pages\/1586\/revisions\/"}],"predecessor-version":[{"id":1896,"href":"https:\/\/www.commercialdivingpanama.com\/de\/wp-json\/wp\/v2\/pages\/1586\/revisions\/1896\/"}],"up":[{"embeddable":true,"href":"https:\/\/www.commercialdivingpanama.com\/de\/wp-json\/wp\/v2\/pages\/1590\/"}],"wp:attachment":[{"href":"https:\/\/www.commercialdivingpanama.com\/de\/wp-json\/wp\/v2\/media\/?parent=1586"}],"curies":[{"name":"wp","href":"https:\/\/api.w.org\/{rel}","templated":true}]}}