{"id":1584,"date":"2020-10-17T10:35:44","date_gmt":"2020-10-17T10:35:44","guid":{"rendered":"https:\/\/www.commercialdivingpanama.com\/?page_id=1584"},"modified":"2025-08-28T13:42:13","modified_gmt":"2025-08-28T13:42:13","slug":"ship-maintenance","status":"publish","type":"page","link":"https:\/\/www.commercialdivingpanama.com\/de\/services-2\/ship-maintenance\/","title":{"rendered":"Schiffswartung"},"content":{"rendered":"<p data-start=\"0\" data-end=\"376\">Angesichts der stark gestiegenen Bunkerkraftstoffpreise ist es entscheidend, die Leistung Ihrer Schiffe auf H\u00f6chstniveau zu halten. Unsere Tauchteams k\u00f6nnen jede Art von erforderlichem Wartungsservice am Schiff schnell und effizient ausf\u00fchren, um die Effizienz des Fahrzeugs zu optimieren und die Betriebskosten zu senken. Einige dieser Leistungen sind nachfolgend aufgef\u00fchrt.<\/p>\n<h1 data-start=\"378\" data-end=\"394\">Rumpfreinigung<\/h1>\n<p data-start=\"395\" data-end=\"898\">Mit dem modernsten und effektivsten heute verf\u00fcgbaren B\u00fcrstenwagen-System zur Rumpfreinigung reinigen wir \u2013 je nach Art und St\u00e4rke des marinen Bewuchses (Biofouling) \u2013 bis zu 2.500 m\u00b2 pro Stunde. Unsere Ausr\u00fcstung ist \u00e4u\u00dferst mobil, sodass wir Ihr Schiff entlang der Ostk\u00fcste ebenso wie in H\u00e4fen weltweit bedienen k\u00f6nnen. Derzeit betreiben wir vier Reinigungsmaschinen; das verschafft uns hohe Flexibilit\u00e4t zur Erf\u00fcllung der Kundenanforderungen und zugleich Redundanz bei der Ausr\u00fcstung.<\/p>\n<h1 data-start=\"900\" data-end=\"919\">Propellerpolieren<\/h1>\n<p data-start=\"920\" data-end=\"1546\">Zahlreiche Fallstudien belegen, dass eine schlecht gewartete Schraube die Geschwindigkeit und Leistung um bis zu 5 % verringern kann \u2013 im Vergleich zu einem Propeller mit \u201eA\u201c-Finish auf der Rupert-Skala.<br data-start=\"1131\" data-end=\"1134\" \/>Die j\u00e4hrlichen Einsparungen bei einem 100.000-DWT-Tanker mit korrekt gewartetem Propeller k\u00f6nnen bis zu 150.000 USD betragen. Mit unserem Hochgeschwindigkeits-Polierger\u00e4t und speziell formulierten abrasiven Polierpads f\u00fchren unsere Tauchteams mehrstufige Mikropolierungen selbst an gr\u00f6\u00dften Propellern in der Regel in vier Stunden oder weniger durch \u2013 abh\u00e4ngig vom Wartungsprogramm des Propellers.<\/p>\n<h1 data-start=\"1548\" data-end=\"1568\">Anodeninstallation<\/h1>\n<p data-start=\"1569\" data-end=\"2112\">Unsere Tauchteams k\u00f6nnen alle Anodentypen schnell und effizient installieren \u2013 entweder mit Schraubmontage oder mittels Unterwasser-Nassschwei\u00dfen. Dank langj\u00e4hriger Beziehungen zu lokalen Lieferanten k\u00f6nnen wir kurzfristig jeden Typ und jede St\u00fcckzahl bereitstellen. Zudem halten wir eine gro\u00dfe Auswahl an Anodenkonfigurationen und -materialien (z. B. Zink, Aluminium, Magnesium) lagernd f\u00fcr die sofortige Montage. ICCP-Systeme (Fremdstrom-Kathodenschutz) ersetzen und installieren wir ebenfalls regelm\u00e4\u00dfig.<\/p>\n<h1 data-start=\"2114\" data-end=\"2174\">Fertigung &amp; Installation von Leinenabweisern (Rope Guards)<\/h1>\n<p data-start=\"2175\" data-end=\"2634\">Mit unserem umfangreichen Bestand an Rigging-Equipment und speziell entwickelten Hydraulikpressen haben unsere Tauchteams die Fertigung und gro\u00dfdimensionierte In-Water-Wechsel von Rope Guards erfolgreich durchgef\u00fchrt. Zus\u00e4tzlich haben wir k\u00fcrzlich einen International 4900 Kranwagen (6 t) angeschafft, um die bei den USCG-Patrouillenbooten vom Typ 110\u2032 WPB eingesetzten Austauschverfahren zu unterst\u00fctzen, die wir routinem\u00e4\u00dfig durchf\u00fchren.<\/p>\n<h1 data-start=\"2636\" data-end=\"2686\">Reinigung von Seewasseransaugk\u00e4sten (Sea Chests)<\/h1>\n<p data-start=\"2687\" data-end=\"3048\" data-is-last-node=\"\" data-is-only-node=\"\">Erg\u00e4nzend zur vollst\u00e4ndigen Rumpfreinigung reinigen wir die Gitter der Sea-Chest-Gratings mit Handwerkzeugen, um die Einlassgitter s\u00e4mtlicher Seewasseraufnahmen fachgerecht zu s\u00e4ubern. In besonderen F\u00e4llen werden die Gitter demontiert, um das Innere der Sea Boxes zu reinigen; anschlie\u00dfend werden die Gitter wieder installiert und gesichert.<\/p>\n","protected":false},"excerpt":{"rendered":"<p>Angesichts der stark gestiegenen Bunkerkraftstoffpreise ist es entscheidend, die Leistung Ihrer Schiffe auf H\u00f6chstniveau zu halten. Unsere Tauchteams k\u00f6nnen jede Art von erforderlichem Wartungsservice am Schiff schnell und effizient ausf\u00fchren, um die Effizienz des Fahrzeugs zu optimieren und die Betriebskosten zu senken. Einige dieser Leistungen sind nachfolgend aufgef\u00fchrt. Rumpfreinigung Mit dem modernsten und effektivsten heute [&hellip;]<\/p>\n","protected":false},"author":5,"featured_media":0,"parent":1590,"menu_order":0,"comment_status":"closed","ping_status":"closed","template":"","meta":[],"_links":{"self":[{"href":"https:\/\/www.commercialdivingpanama.com\/de\/wp-json\/wp\/v2\/pages\/1584\/"}],"collection":[{"href":"https:\/\/www.commercialdivingpanama.com\/de\/wp-json\/wp\/v2\/pages\/"}],"about":[{"href":"https:\/\/www.commercialdivingpanama.com\/de\/wp-json\/wp\/v2\/types\/page\/"}],"author":[{"embeddable":true,"href":"https:\/\/www.commercialdivingpanama.com\/de\/wp-json\/wp\/v2\/users\/5\/"}],"replies":[{"embeddable":true,"href":"https:\/\/www.commercialdivingpanama.com\/de\/wp-json\/wp\/v2\/comments\/?post=1584"}],"version-history":[{"count":7,"href":"https:\/\/www.commercialdivingpanama.com\/de\/wp-json\/wp\/v2\/pages\/1584\/revisions\/"}],"predecessor-version":[{"id":1903,"href":"https:\/\/www.commercialdivingpanama.com\/de\/wp-json\/wp\/v2\/pages\/1584\/revisions\/1903\/"}],"up":[{"embeddable":true,"href":"https:\/\/www.commercialdivingpanama.com\/de\/wp-json\/wp\/v2\/pages\/1590\/"}],"wp:attachment":[{"href":"https:\/\/www.commercialdivingpanama.com\/de\/wp-json\/wp\/v2\/media\/?parent=1584"}],"curies":[{"name":"wp","href":"https:\/\/api.w.org\/{rel}","templated":true}]}}