{"id":1583,"date":"2020-10-17T10:35:35","date_gmt":"2020-10-17T10:35:35","guid":{"rendered":"https:\/\/www.commercialdivingpanama.com\/?page_id=1583"},"modified":"2025-08-28T19:06:39","modified_gmt":"2025-08-28T19:06:39","slug":"ship-repair","status":"publish","type":"page","link":"https:\/\/www.commercialdivingpanama.com\/de\/services-2\/ship-repair\/","title":{"rendered":"Unterwasser-Reparaturarbeiten"},"content":{"rendered":"<h2 data-start=\"0\" data-end=\"29\"><strong data-start=\"0\" data-end=\"29\">Kofferdamm-Installationen<\/strong><\/h2>\n<p data-start=\"31\" data-end=\"372\">Wir verf\u00fcgen \u00fcber eine komplette Palette kundenspezifisch konstruierten, vorgefertigten hyperbaren und Vakuum-Kofferd\u00e4mme mit verstellbarem und festem Auftrieb. Diese setzen wir f\u00fcr den Austausch gr\u00f6\u00dferer Ausr\u00fcstungen\/Anbauten sowie f\u00fcr dauerhafte Rumpfreparaturen ein. Sonderanfertigungen k\u00f6nnen kurzfristig und jederzeit ausgef\u00fchrt werden.<\/p>\n<h2 data-start=\"374\" data-end=\"399\"><strong data-start=\"374\" data-end=\"397\">Leistungen (Auszug)<\/strong><\/h2>\n<ul data-start=\"400\" data-end=\"950\">\n<li data-start=\"400\" data-end=\"440\">\n<p data-start=\"402\" data-end=\"440\">Dauerhafte Rumpf- &amp; Ruderreparaturen<\/p>\n<\/li>\n<li data-start=\"441\" data-end=\"474\">\n<p data-start=\"443\" data-end=\"474\">Einsatzbleche (Insert Plates)<\/p>\n<\/li>\n<li data-start=\"475\" data-end=\"501\">\n<p data-start=\"477\" data-end=\"501\">Bilgenkiel-Reparaturen<\/p>\n<\/li>\n<li data-start=\"502\" data-end=\"543\">\n<p data-start=\"504\" data-end=\"543\">Nautican-Gest\u00e4nge: Reparatur &amp; Ersatz<\/p>\n<\/li>\n<li data-start=\"544\" data-end=\"599\">\n<p data-start=\"546\" data-end=\"599\">Reparaturen an Gitter\/Tunnel von Bug-\/Heckstrahlern<\/p>\n<\/li>\n<li data-start=\"600\" data-end=\"678\">\n<p data-start=\"602\" data-end=\"678\">Fertigung &amp; Montage von Seewasseransaugkasten-Gittern (Sea Chest Gratings)<\/p>\n<\/li>\n<li data-start=\"679\" data-end=\"747\">\n<p data-start=\"681\" data-end=\"747\">Durchschwei\u00dfungen\/Vollnaht-Schwei\u00dfungen (Full Penetration Welds)<\/p>\n<\/li>\n<li data-start=\"748\" data-end=\"788\">\n<p data-start=\"750\" data-end=\"788\">Buchsenwechsel (Bushing Change-outs)<\/p>\n<\/li>\n<li data-start=\"789\" data-end=\"833\">\n<p data-start=\"791\" data-end=\"833\">Montage von Leinenabweisern (Rope Guard)<\/p>\n<\/li>\n<li data-start=\"834\" data-end=\"862\">\n<p data-start=\"836\" data-end=\"862\">Klappenruder-Reparaturen<\/p>\n<\/li>\n<li data-start=\"863\" data-end=\"895\">\n<p data-start=\"865\" data-end=\"895\">Riding Teams an Bord\/Topside<\/p>\n<\/li>\n<li data-start=\"896\" data-end=\"950\">\n<p data-start=\"898\" data-end=\"950\">Ventilwechsel im Wasser (In-Water Valve Replacement)<\/p>\n<\/li>\n<\/ul>\n<p data-start=\"952\" data-end=\"1300\">Unter Nutzung unseres umfangreichen Bestands an Blanks \u2013 bestehend aus massiven flachen Aluminium-Patches, flexiblen Ejektor-Matten mit geschlossener R\u00fcckseite, Vakuumk\u00e4sten sowie einer gro\u00dfen Auswahl mechanischer und aufblasbarer Stopfen \u2013 k\u00f6nnen wir jeden Seewasser-Einlass oder \u00dcberbord-Auslass, unabh\u00e4ngig von Gr\u00f6\u00dfe oder Form, sicher abdichten.<\/p>\n<h2 data-start=\"1302\" data-end=\"1719\"><strong data-start=\"1302\" data-end=\"1335\">Echolot- &amp; Speedlog-Austausch<\/strong><\/h2>\n<p data-start=\"1302\" data-end=\"1719\"><br data-start=\"1335\" data-end=\"1338\" \/>In enger Zusammenarbeit mit den f\u00fchrenden Elektronikunternehmen der Region erm\u00f6glichen wir kurzfristig jeden erforderlichen Austausch. Zu Ihrer Bequemlichkeit halten wir verschiedene Transducer-Typen (Geber) auf Lager. Vom Ausbau und Einbau im Wasser bis zum elektrischen Anschluss der Ger\u00e4te \u2013 unsere Teams verf\u00fcgen \u00fcber die Erfahrung, jede Installation vollst\u00e4ndig durchzuf\u00fchren.<\/p>\n<h2 data-start=\"1721\" data-end=\"2063\"><strong data-start=\"1721\" data-end=\"1750\">Heckdichtungs-Reparaturen<\/strong><\/h2>\n<p data-start=\"1721\" data-end=\"2063\"><br data-start=\"1750\" data-end=\"1753\" \/>Von Austausch und Reparatur von Gleitringdichtungen (Face-Type Seals) im Wasser \u00fcber die Reparatur von Lippendichtungen im Trockenen bis hin zum Absperren des Stevenrohrs f\u00fcr den inneren Packungswechsel bei wasser-geschmierten Heckdichtungen: Wir k\u00f6nnen Ihre Reparatur nach Bedarf durchf\u00fchren und organisieren.<\/p>\n<h2 data-start=\"2065\" data-end=\"2411\"><strong data-start=\"2065\" data-end=\"2103\">Unterwasser-Schwei\u00dfen und -Brennen<\/strong><\/h2>\n<p data-start=\"2065\" data-end=\"2411\"><br data-start=\"2103\" data-end=\"2106\" \/>Ob Rumpfsch\u00e4den, Ruderreparaturen, Anodenmontage oder die Instandsetzung von Schotten \u2013 unsere Tauchteams beherrschen hochwertige Nassschwei\u00dfungen auch unter schwierigen Bedingungen. Wir sind derzeit von Lloyd\u2019s Register und ABS zertifiziert und arbeiten mit eigenen zugelassenen Schwei\u00dfverfahren (WPS).<\/p>\n<p data-start=\"2413\" data-end=\"2604\" data-is-last-node=\"\" data-is-only-node=\"\">Mit den neuesten Unterwasser-Brennelektroden und Verfahren halten unsere Taucher die Produktivit\u00e4t hoch und die Kosten niedrig; wir schulen uns kontinuierlich in allen relevanten Disziplinen.<\/p>\n","protected":false},"excerpt":{"rendered":"<p>Kofferdamm-Installationen Wir verf\u00fcgen \u00fcber eine komplette Palette kundenspezifisch konstruierten, vorgefertigten hyperbaren und Vakuum-Kofferd\u00e4mme mit verstellbarem und festem Auftrieb. Diese setzen wir f\u00fcr den Austausch gr\u00f6\u00dferer Ausr\u00fcstungen\/Anbauten sowie f\u00fcr dauerhafte Rumpfreparaturen ein. Sonderanfertigungen k\u00f6nnen kurzfristig und jederzeit ausgef\u00fchrt werden. Leistungen (Auszug) Dauerhafte Rumpf- &amp; Ruderreparaturen Einsatzbleche (Insert Plates) Bilgenkiel-Reparaturen Nautican-Gest\u00e4nge: Reparatur &amp; Ersatz Reparaturen an Gitter\/Tunnel [&hellip;]<\/p>\n","protected":false},"author":5,"featured_media":0,"parent":1590,"menu_order":0,"comment_status":"closed","ping_status":"closed","template":"","meta":[],"_links":{"self":[{"href":"https:\/\/www.commercialdivingpanama.com\/de\/wp-json\/wp\/v2\/pages\/1583\/"}],"collection":[{"href":"https:\/\/www.commercialdivingpanama.com\/de\/wp-json\/wp\/v2\/pages\/"}],"about":[{"href":"https:\/\/www.commercialdivingpanama.com\/de\/wp-json\/wp\/v2\/types\/page\/"}],"author":[{"embeddable":true,"href":"https:\/\/www.commercialdivingpanama.com\/de\/wp-json\/wp\/v2\/users\/5\/"}],"replies":[{"embeddable":true,"href":"https:\/\/www.commercialdivingpanama.com\/de\/wp-json\/wp\/v2\/comments\/?post=1583"}],"version-history":[{"count":8,"href":"https:\/\/www.commercialdivingpanama.com\/de\/wp-json\/wp\/v2\/pages\/1583\/revisions\/"}],"predecessor-version":[{"id":1904,"href":"https:\/\/www.commercialdivingpanama.com\/de\/wp-json\/wp\/v2\/pages\/1583\/revisions\/1904\/"}],"up":[{"embeddable":true,"href":"https:\/\/www.commercialdivingpanama.com\/de\/wp-json\/wp\/v2\/pages\/1590\/"}],"wp:attachment":[{"href":"https:\/\/www.commercialdivingpanama.com\/de\/wp-json\/wp\/v2\/media\/?parent=1583"}],"curies":[{"name":"wp","href":"https:\/\/api.w.org\/{rel}","templated":true}]}}