{"id":1582,"date":"2020-10-17T10:35:21","date_gmt":"2020-10-17T10:35:21","guid":{"rendered":"https:\/\/www.commercialdivingpanama.com\/?page_id=1582"},"modified":"2025-08-29T16:54:22","modified_gmt":"2025-08-29T16:54:22","slug":"social-responsibility","status":"publish","type":"page","link":"https:\/\/www.commercialdivingpanama.com\/de\/services-2\/social-responsibility\/","title":{"rendered":"Soziale Verantwortung"},"content":{"rendered":"<p>Reef 2 Reef ist ein Korallenrestaurierungsprogramm, das von der Maritimen Universit\u00e4t von Panama und SCUBAPANAMA initiiert wurde. Ihre Koralleng\u00e4rten befinden sich in Portobelo, Colon in Panama. Hirschhorn (Acropora cervicornis) ist eine riffbildende Hartkoralle, die zuvor in der Karibik vorherrschte. Im Jahr 2006 wurde diese Art als bedroht eingestuft.<\/p>\n<p><img class=\"size-medium wp-image-1925 alignleft\" src=\"https:\/\/www.commercialdivingpanama.com\/wp-content\/uploads\/2025\/08\/imagen_2025-08-29_120219289-300x200.png\" alt=\"\" width=\"300\" height=\"200\" srcset=\"https:\/\/www.commercialdivingpanama.com\/wp-content\/uploads\/2025\/08\/imagen_2025-08-29_120219289-200x133.png 200w, https:\/\/www.commercialdivingpanama.com\/wp-content\/uploads\/2025\/08\/imagen_2025-08-29_120219289-300x200.png 300w, https:\/\/www.commercialdivingpanama.com\/wp-content\/uploads\/2025\/08\/imagen_2025-08-29_120219289-400x267.png 400w, https:\/\/www.commercialdivingpanama.com\/wp-content\/uploads\/2025\/08\/imagen_2025-08-29_120219289.png 457w\" sizes=\"(max-width: 300px) 100vw, 300px\" \/><\/p>\n<p style=\"text-align: left; padding-left: 280px;\">Reff 2 Reff fragmentieren Korallen in\u00a0kleinere St\u00fccke um diese Fragmente dann an eine PVC-Struktur zu h\u00e4ngen. So k\u00f6nnen die Korallen in Baumschulen wachsen. Ab einer bestimmten Gr\u00f6\u00dfe werden die Fragmente an einen anderen Ort \u00fcbertragen, damit siew weiter wachsen k\u00f6nnen.<\/p>\n<p>Commercial Diving Panama unterst\u00fctzt aktiv Reef 2 Reef. Indem Sie uns beauftragen, tragen auch Sie zu dieser wichtigen Sache bei. Wir arbeiten eng mit der Maritime University zusammen, stellen Strukturen und Materialien zur Verf\u00fcgung und sind Teil der regelm\u00e4\u00dfigen Wartung von Korallen. Reef2Reef sichert Korallen in Panama eine Zukunft.<\/p>\n","protected":false},"excerpt":{"rendered":"<p>Reef 2 Reef ist ein Korallenrestaurierungsprogramm, das von der Maritimen Universit\u00e4t von Panama und SCUBAPANAMA initiiert wurde. Ihre Koralleng\u00e4rten befinden sich in Portobelo, Colon in Panama. Hirschhorn (Acropora cervicornis) ist eine riffbildende Hartkoralle, die zuvor in der Karibik vorherrschte. Im Jahr 2006 wurde diese Art als bedroht eingestuft. Reff 2 Reff fragmentieren Korallen in\u00a0kleinere St\u00fccke [&hellip;]<\/p>\n","protected":false},"author":5,"featured_media":0,"parent":1590,"menu_order":0,"comment_status":"closed","ping_status":"closed","template":"","meta":[],"_links":{"self":[{"href":"https:\/\/www.commercialdivingpanama.com\/de\/wp-json\/wp\/v2\/pages\/1582\/"}],"collection":[{"href":"https:\/\/www.commercialdivingpanama.com\/de\/wp-json\/wp\/v2\/pages\/"}],"about":[{"href":"https:\/\/www.commercialdivingpanama.com\/de\/wp-json\/wp\/v2\/types\/page\/"}],"author":[{"embeddable":true,"href":"https:\/\/www.commercialdivingpanama.com\/de\/wp-json\/wp\/v2\/users\/5\/"}],"replies":[{"embeddable":true,"href":"https:\/\/www.commercialdivingpanama.com\/de\/wp-json\/wp\/v2\/comments\/?post=1582"}],"version-history":[{"count":7,"href":"https:\/\/www.commercialdivingpanama.com\/de\/wp-json\/wp\/v2\/pages\/1582\/revisions\/"}],"predecessor-version":[{"id":1929,"href":"https:\/\/www.commercialdivingpanama.com\/de\/wp-json\/wp\/v2\/pages\/1582\/revisions\/1929\/"}],"up":[{"embeddable":true,"href":"https:\/\/www.commercialdivingpanama.com\/de\/wp-json\/wp\/v2\/pages\/1590\/"}],"wp:attachment":[{"href":"https:\/\/www.commercialdivingpanama.com\/de\/wp-json\/wp\/v2\/media\/?parent=1582"}],"curies":[{"name":"wp","href":"https:\/\/api.w.org\/{rel}","templated":true}]}}