{"id":1579,"date":"2020-10-17T10:43:07","date_gmt":"2020-10-17T10:43:07","guid":{"rendered":"https:\/\/www.commercialdivingpanama.com\/?page_id=1579"},"modified":"2020-11-08T16:12:10","modified_gmt":"2020-11-08T16:12:10","slug":"underwater-repairs","status":"publish","type":"page","link":"https:\/\/www.commercialdivingpanama.com\/de\/services-2\/underwater-repairs\/","title":{"rendered":"Unterwasser Reparaturen"},"content":{"rendered":"<p>Alle Strukturen, die an der einen oder anderen Stelle unter Wasser getaucht sind, erfordern eine Reihe von Unterwasserwartungen. Obwohl viele Inspektions- und Wartungsarbeiten durchgef\u00fchrt werden k\u00f6nnen, um die Auswirkungen von Scheuern, Rissen und Korrosion zu verlangsamen, werden aquatische Strukturen letztendlich jeder dieser Umweltbedrohungen zum Opfer fallen.<\/p>\n<p>CDP (Commercial Diving Panama) verf\u00fcgt \u00fcber das\u00a0 Wissen und die n\u00f6tige Erfahrung, um vor Ort Unterwasserreparaturen jeder Art durchzuf\u00fchren. Insbesondere die die von einer Verschlechterung des S\u00fc\u00df- und \/ oder Salzwassers betroffen ist. Wenn Br\u00fccken, D\u00e4mme, Tanks, Tunnel, Ventile, Tore, Absperrungen, Schotte, Pumpensysteme usw. erneuert und repariert werden m\u00fcssen, k\u00f6nnen unsere kommerziellen Tauch- und Strukturf\u00e4higkeiten diese kostspieligen Probleme schnell, effizient und zu einem angemessenen Preis l\u00f6sen.<\/p>\n","protected":false},"excerpt":{"rendered":"<p>Alle Strukturen, die an der einen oder anderen Stelle unter Wasser getaucht sind, erfordern eine Reihe von Unterwasserwartungen. Obwohl viele Inspektions- und Wartungsarbeiten durchgef\u00fchrt werden k\u00f6nnen, um die Auswirkungen von Scheuern, Rissen und Korrosion zu verlangsamen, werden aquatische Strukturen letztendlich jeder dieser Umweltbedrohungen zum Opfer fallen. CDP (Commercial Diving Panama) verf\u00fcgt \u00fcber das\u00a0 Wissen und [&hellip;]<\/p>\n","protected":false},"author":5,"featured_media":0,"parent":1590,"menu_order":0,"comment_status":"closed","ping_status":"closed","template":"","meta":[],"_links":{"self":[{"href":"https:\/\/www.commercialdivingpanama.com\/de\/wp-json\/wp\/v2\/pages\/1579\/"}],"collection":[{"href":"https:\/\/www.commercialdivingpanama.com\/de\/wp-json\/wp\/v2\/pages\/"}],"about":[{"href":"https:\/\/www.commercialdivingpanama.com\/de\/wp-json\/wp\/v2\/types\/page\/"}],"author":[{"embeddable":true,"href":"https:\/\/www.commercialdivingpanama.com\/de\/wp-json\/wp\/v2\/users\/5\/"}],"replies":[{"embeddable":true,"href":"https:\/\/www.commercialdivingpanama.com\/de\/wp-json\/wp\/v2\/comments\/?post=1579"}],"version-history":[{"count":3,"href":"https:\/\/www.commercialdivingpanama.com\/de\/wp-json\/wp\/v2\/pages\/1579\/revisions\/"}],"predecessor-version":[{"id":1720,"href":"https:\/\/www.commercialdivingpanama.com\/de\/wp-json\/wp\/v2\/pages\/1579\/revisions\/1720\/"}],"up":[{"embeddable":true,"href":"https:\/\/www.commercialdivingpanama.com\/de\/wp-json\/wp\/v2\/pages\/1590\/"}],"wp:attachment":[{"href":"https:\/\/www.commercialdivingpanama.com\/de\/wp-json\/wp\/v2\/media\/?parent=1579"}],"curies":[{"name":"wp","href":"https:\/\/api.w.org\/{rel}","templated":true}]}}